{"id":18665,"date":"2019-08-26T10:41:41","date_gmt":"2019-08-26T08:41:41","guid":{"rendered":"http:\/\/www.artnroll.net\/home\/?page_id=18665"},"modified":"2019-09-30T10:50:00","modified_gmt":"2019-09-30T08:50:00","slug":"motocultor-2019","status":"publish","type":"page","link":"https:\/\/www.artnroll.net\/home\/?page_id=18665","title":{"rendered":"Motocultor 2019"},"content":{"rendered":"<p>[vc_row][vc_column][vc_single_image image=\u00a0\u00bb18666&Prime; img_size=\u00a0\u00bbfull\u00a0\u00bb title=\u00a0\u00bbMotocultor 2019&Prime;][vc_tabs interval=\u00a0\u00bb0&Prime; title=\u00a0\u00bbLive Reports\u00a0\u00bb][vc_tab title=\u00a0\u00bbLive Report\u00a0\u00bb tab_id=\u00a0\u00bb066918ff-e989-6&Prime;][vc_column_text]L&rsquo;\u00e9quipe de choc d&rsquo;Art N Roll te fait revivre, jour par jour, l&rsquo;\u00e9dition 2019 du Motocultor!<\/p>\n<ul>\n<li><a href=\"http:\/\/www.artnroll.net\/home\/2019\/08\/motocultor-2019-jour-1\/\">Jeudi<\/a><\/li>\n<li><a href=\"http:\/\/www.artnroll.net\/home\/2019\/08\/motocultor-2019-jour-2\/\">Vendredi<\/a><\/li>\n<li><a href=\"https:\/\/www.artnroll.net\/home\/2019\/08\/motocultor-2019-jour-3\/\">Samedi<\/a><\/li>\n<li><a href=\"https:\/\/www.artnroll.net\/home\/2019\/08\/motocultor-2019-jour-4\/\">Dimanche<\/a><\/li>\n<\/ul>\n<p>[\/vc_column_text][\/vc_tab][vc_tab title=\u00a0\u00bbPhotos\u00a0\u00bb tab_id=\u00a0\u00bb01c0dfac-c37e-3&Prime;][masterslider_pb title=\u00a0\u00bbMotocultor jour 1&Prime; id=\u00a0\u00bb44&Prime;][masterslider_pb title=\u00a0\u00bbMotocultor jour 2&Prime; id=\u00a0\u00bb45&Prime;][masterslider_pb title=\u00a0\u00bbMotocultor jour 3&Prime; id=\u00a0\u00bb46&Prime;][masterslider_pb title=\u00a0\u00bbMotocultor jour 4&Prime;][\/vc_tab][\/vc_tabs][vc_tabs interval=\u00a0\u00bb0&Prime; title=\u00a0\u00bbInterviews\u00a0\u00bb][vc_tab title=\u00a0\u00bbInterviews\u00a0\u00bb tab_id=\u00a0\u00bb1530452504416-0-1&Prime;][vc_column_text]Retrouve ici toutes les interviews faites au Motocultor:<\/p>\n<ul>\n<li><a href=\"https:\/\/www.artnroll.net\/home\/2019\/09\/interview-avec-dave-hunt-du-groupe-anaal-nathrakh\/\">Anaal Nathrakh<\/a><\/li>\n<li><a href=\"https:\/\/www.artnroll.net\/home\/2019\/08\/interview-avec-le-groupe-de-black-metal-lituanien-au-dessus\/\">Au-Dessus<\/a><\/li>\n<li><a href=\"http:\/\/www.artnroll.net\/home\/2019\/08\/interview-de-liam-cormier-et-mike-peters-du-groupe-cancer-bats\/\">Cancer Bats<\/a><\/li>\n<li><a href=\"https:\/\/www.artnroll.net\/home\/2019\/09\/interview-avec-elodie-sawicz\/\">Elodie Sawicz<\/a><\/li>\n<li><a href=\"http:\/\/www.artnroll.net\/home\/2019\/08\/interview-avec-gerald-milani-president-du-label-les-acteurs-de-lombre\/\">G\u00e9rald Milani<\/a>, Pr\u00e9sident du label les Acteurs de l&rsquo;Ombre<\/li>\n<li><a href=\"https:\/\/www.artnroll.net\/home\/2019\/08\/interview-avec-dany-roberge-et-jean-philippe-lagace-de-get-the-shot\/\">Get the Shot<\/a><\/li>\n<li><a href=\"http:\/\/www.artnroll.net\/home\/2019\/08\/interview-avec-junior-rodriguez-au-motocultor\/\">Junior Rodriguez<\/a><\/li>\n<li><a href=\"http:\/\/www.artnroll.net\/home\/2019\/08\/interview-avec-phil-rind-du-groupe-sacred-reich\/\">Sacred Reich<\/a><\/li>\n<li><a href=\"http:\/\/www.artnroll.net\/home\/2019\/08\/interview-avec-bjorn-strid-chanteur-du-groupe-soilwork\/\">Soilwork<\/a><\/li>\n<\/ul>\n<p>[\/vc_column_text][\/vc_tab][\/vc_tabs][\/vc_column][\/vc_row]<\/p>\n","protected":false},"excerpt":{"rendered":"<p>[vc_row][vc_column][vc_single_image image=\u00a0\u00bb18666&Prime; img_size=\u00a0\u00bbfull\u00a0\u00bb title=\u00a0\u00bbMotocultor 2019&Prime;][vc_tabs interval=\u00a0\u00bb0&Prime; title=\u00a0\u00bbLive Reports\u00a0\u00bb][vc_tab title=\u00a0\u00bbLive Report\u00a0\u00bb tab_id=\u00a0\u00bb066918ff-e989-6&Prime;][vc_column_text]L&rsquo;\u00e9quipe de choc d&rsquo;Art N Roll te fait revivre, jour par jour, l&rsquo;\u00e9dition 2019 du Motocultor! Jeudi Vendredi Samedi Dimanche [\/vc_column_text][\/vc_tab][vc_tab title=\u00a0\u00bbPhotos\u00a0\u00bb tab_id=\u00a0\u00bb01c0dfac-c37e-3&Prime;][masterslider_pb title=\u00a0\u00bbMotocultor jour 1&Prime; id=\u00a0\u00bb44&Prime;][masterslider_pb title=\u00a0\u00bbMotocultor jour 2&Prime; id=\u00a0\u00bb45&Prime;][masterslider_pb title=\u00a0\u00bbMotocultor jour 3&Prime; id=\u00a0\u00bb46&Prime;][masterslider_pb title=\u00a0\u00bbMotocultor jour 4&Prime;][\/vc_tab][\/vc_tabs][vc_tabs interval=\u00a0\u00bb0&Prime; title=\u00a0\u00bbInterviews\u00a0\u00bb][vc_tab title=\u00a0\u00bbInterviews\u00a0\u00bb tab_id=\u00a0\u00bb1530452504416-0-1&Prime;][vc_column_text]Retrouve ici toutes les interviews faites au Motocultor: Anaal Nathrakh Au-Dessus Cancer Bats Elodie Sawicz G\u00e9rald Milani, Pr\u00e9sident du label les Acteurs de l&rsquo;Ombre Get the Shot Junior Rodriguez Sacred Reich Soilwork [\/vc_column_text][\/vc_tab][\/vc_tabs][\/vc_column][\/vc_row]<\/p>\n","protected":false},"author":34,"featured_media":0,"parent":0,"menu_order":0,"comment_status":"closed","ping_status":"closed","template":"","meta":{"_mi_skip_tracking":false,"_monsterinsights_sitenote_active":false,"_monsterinsights_sitenote_note":"","_monsterinsights_sitenote_category":0,"footnotes":""},"class_list":["post-18665","page","type-page","status-publish","hentry"],"yoast_head":"<!-- This site is optimized with the Yoast SEO plugin v23.9 - https:\/\/yoast.com\/wordpress\/plugins\/seo\/ -->\n<title>Motocultor 2019 - Art&#039;n&#039;Roll Webzine<\/title>\n<meta name=\"description\" content=\"Art N Roll te fait revivre l&#039;\u00e9dition 2019 du Motocultor \u00e0 travers une s\u00e9rie de live reports, de photos et d&#039;interviews avec les artistes pr\u00e9sents.\" \/>\n<meta name=\"robots\" content=\"index, follow, max-snippet:-1, max-image-preview:large, max-video-preview:-1\" \/>\n<link rel=\"canonical\" href=\"https:\/\/www.artnroll.net\/home\/?page_id=18665\" \/>\n<meta property=\"og:locale\" content=\"fr_FR\" \/>\n<meta property=\"og:type\" content=\"article\" \/>\n<meta property=\"og:title\" content=\"Motocultor 2019 - Art&#039;n&#039;Roll Webzine\" \/>\n<meta property=\"og:description\" content=\"Art N Roll te fait revivre l&#039;\u00e9dition 2019 du Motocultor \u00e0 travers une s\u00e9rie de live reports, de photos et d&#039;interviews avec les artistes pr\u00e9sents.\" \/>\n<meta property=\"og:url\" content=\"https:\/\/www.artnroll.net\/home\/?page_id=18665\" \/>\n<meta property=\"og:site_name\" content=\"Art&#039;n&#039;Roll Webzine\" \/>\n<meta property=\"article:publisher\" content=\"https:\/\/www.facebook.com\/artnroll.net\/\" \/>\n<meta property=\"article:modified_time\" content=\"2019-09-30T08:50:00+00:00\" \/>\n<meta name=\"twitter:label1\" content=\"Dur\u00e9e de lecture estim\u00e9e\" \/>\n\t<meta name=\"twitter:data1\" content=\"1 minute\" \/>\n<script type=\"application\/ld+json\" class=\"yoast-schema-graph\">{\"@context\":\"https:\/\/schema.org\",\"@graph\":[{\"@type\":\"WebPage\",\"@id\":\"https:\/\/www.artnroll.net\/home\/?page_id=18665\",\"url\":\"https:\/\/www.artnroll.net\/home\/?page_id=18665\",\"name\":\"Motocultor 2019 - Art&#039;n&#039;Roll Webzine\",\"isPartOf\":{\"@id\":\"https:\/\/www.artnroll.net\/home\/#website\"},\"datePublished\":\"2019-08-26T08:41:41+00:00\",\"dateModified\":\"2019-09-30T08:50:00+00:00\",\"description\":\"Art N Roll te fait revivre l'\u00e9dition 2019 du Motocultor \u00e0 travers une s\u00e9rie de live reports, de photos et d'interviews avec les artistes pr\u00e9sents.\",\"inLanguage\":\"fr-FR\",\"potentialAction\":[{\"@type\":\"ReadAction\",\"target\":[\"https:\/\/www.artnroll.net\/home\/?page_id=18665\"]}]},{\"@type\":\"WebSite\",\"@id\":\"https:\/\/www.artnroll.net\/home\/#website\",\"url\":\"https:\/\/www.artnroll.net\/home\/\",\"name\":\"Art&#039;n&#039;Roll Webzine\",\"description\":\"Webzine on the Rocks\",\"potentialAction\":[{\"@type\":\"SearchAction\",\"target\":{\"@type\":\"EntryPoint\",\"urlTemplate\":\"https:\/\/www.artnroll.net\/home\/?s={search_term_string}\"},\"query-input\":{\"@type\":\"PropertyValueSpecification\",\"valueRequired\":true,\"valueName\":\"search_term_string\"}}],\"inLanguage\":\"fr-FR\"}]}<\/script>\n<!-- \/ Yoast SEO plugin. -->","yoast_head_json":{"title":"Motocultor 2019 - Art&#039;n&#039;Roll Webzine","description":"Art N Roll te fait revivre l'\u00e9dition 2019 du Motocultor \u00e0 travers une s\u00e9rie de live reports, de photos et d'interviews avec les artistes pr\u00e9sents.","robots":{"index":"index","follow":"follow","max-snippet":"max-snippet:-1","max-image-preview":"max-image-preview:large","max-video-preview":"max-video-preview:-1"},"canonical":"https:\/\/www.artnroll.net\/home\/?page_id=18665","og_locale":"fr_FR","og_type":"article","og_title":"Motocultor 2019 - Art&#039;n&#039;Roll Webzine","og_description":"Art N Roll te fait revivre l'\u00e9dition 2019 du Motocultor \u00e0 travers une s\u00e9rie de live reports, de photos et d'interviews avec les artistes pr\u00e9sents.","og_url":"https:\/\/www.artnroll.net\/home\/?page_id=18665","og_site_name":"Art&#039;n&#039;Roll Webzine","article_publisher":"https:\/\/www.facebook.com\/artnroll.net\/","article_modified_time":"2019-09-30T08:50:00+00:00","twitter_misc":{"Dur\u00e9e de lecture estim\u00e9e":"1 minute"},"schema":{"@context":"https:\/\/schema.org","@graph":[{"@type":"WebPage","@id":"https:\/\/www.artnroll.net\/home\/?page_id=18665","url":"https:\/\/www.artnroll.net\/home\/?page_id=18665","name":"Motocultor 2019 - Art&#039;n&#039;Roll Webzine","isPartOf":{"@id":"https:\/\/www.artnroll.net\/home\/#website"},"datePublished":"2019-08-26T08:41:41+00:00","dateModified":"2019-09-30T08:50:00+00:00","description":"Art N Roll te fait revivre l'\u00e9dition 2019 du Motocultor \u00e0 travers une s\u00e9rie de live reports, de photos et d'interviews avec les artistes pr\u00e9sents.","inLanguage":"fr-FR","potentialAction":[{"@type":"ReadAction","target":["https:\/\/www.artnroll.net\/home\/?page_id=18665"]}]},{"@type":"WebSite","@id":"https:\/\/www.artnroll.net\/home\/#website","url":"https:\/\/www.artnroll.net\/home\/","name":"Art&#039;n&#039;Roll Webzine","description":"Webzine on the Rocks","potentialAction":[{"@type":"SearchAction","target":{"@type":"EntryPoint","urlTemplate":"https:\/\/www.artnroll.net\/home\/?s={search_term_string}"},"query-input":{"@type":"PropertyValueSpecification","valueRequired":true,"valueName":"search_term_string"}}],"inLanguage":"fr-FR"}]}},"_links":{"self":[{"href":"https:\/\/www.artnroll.net\/home\/index.php?rest_route=\/wp\/v2\/pages\/18665","targetHints":{"allow":["GET"]}}],"collection":[{"href":"https:\/\/www.artnroll.net\/home\/index.php?rest_route=\/wp\/v2\/pages"}],"about":[{"href":"https:\/\/www.artnroll.net\/home\/index.php?rest_route=\/wp\/v2\/types\/page"}],"author":[{"embeddable":true,"href":"https:\/\/www.artnroll.net\/home\/index.php?rest_route=\/wp\/v2\/users\/34"}],"replies":[{"embeddable":true,"href":"https:\/\/www.artnroll.net\/home\/index.php?rest_route=%2Fwp%2Fv2%2Fcomments&post=18665"}],"version-history":[{"count":15,"href":"https:\/\/www.artnroll.net\/home\/index.php?rest_route=\/wp\/v2\/pages\/18665\/revisions"}],"predecessor-version":[{"id":19067,"href":"https:\/\/www.artnroll.net\/home\/index.php?rest_route=\/wp\/v2\/pages\/18665\/revisions\/19067"}],"wp:attachment":[{"href":"https:\/\/www.artnroll.net\/home\/index.php?rest_route=%2Fwp%2Fv2%2Fmedia&parent=18665"}],"curies":[{"name":"wp","href":"https:\/\/api.w.org\/{rel}","templated":true}]}}