{"id":15020,"date":"2018-04-26T12:10:04","date_gmt":"2018-04-26T10:10:04","guid":{"rendered":"http:\/\/www.artnroll.net\/home\/?page_id=15020"},"modified":"2018-04-26T12:10:04","modified_gmt":"2018-04-26T10:10:04","slug":"cernunnos-pagan-fest","status":"publish","type":"page","link":"https:\/\/www.artnroll.net\/home\/?page_id=15020","title":{"rendered":"Cernunnos Pagan Fest"},"content":{"rendered":"<p><img loading=\"lazy\" decoding=\"async\" class=\"alignnone size-large wp-image-15021\" src=\"http:\/\/www.artnroll.net\/home\/wp-content\/uploads\/2018\/04\/Cernunnos-600x221.jpg\" alt=\"Cernunnos\" width=\"600\" height=\"221\" srcset=\"https:\/\/www.artnroll.net\/home\/wp-content\/uploads\/2018\/04\/Cernunnos-600x221.jpg 600w, https:\/\/www.artnroll.net\/home\/wp-content\/uploads\/2018\/04\/Cernunnos-300x111.jpg 300w, https:\/\/www.artnroll.net\/home\/wp-content\/uploads\/2018\/04\/Cernunnos-768x283.jpg 768w, https:\/\/www.artnroll.net\/home\/wp-content\/uploads\/2018\/04\/Cernunnos.jpg 851w\" sizes=\"auto, (max-width: 600px) 100vw, 600px\" \/><\/p>\n<p>Pour sa 10\u00e8me \u00e9dition, le Cernunnos Pagan Fest vous donne pour la premi\u00e8re fois rendez-vous sur 2 jours, les samedi 24 et dimanche 25 f\u00e9vrier 2018, une nouvelle fois \u00e0 la ferme du Buisson \u00e0 Noisiel.<\/p>\n<p>Le Cernunnos Pagan Festival est la rencontre originale entre le Pagan Metal et ses racines folk, traditionnelles et m\u00e9di\u00e9vales. L\u2019immersion dans la f\u00eate m\u00e9di\u00e9vale avec ses artisans, les animations, les jeux, les boissons m\u00e9di\u00e9vales ainsi que la taverne qui proposera des plats savoureux rivalisera avec les concerts rares, originaux et cultes issus du metal pagan et folk.<\/p>\n","protected":false},"excerpt":{"rendered":"<p>Pour sa 10\u00e8me \u00e9dition, le Cernunnos Pagan Fest vous donne pour la premi\u00e8re fois rendez-vous sur 2 jours, les samedi 24 et dimanche 25 f\u00e9vrier 2018, une nouvelle fois \u00e0 la ferme du Buisson \u00e0 Noisiel. Le Cernunnos Pagan Festival est la rencontre originale entre le Pagan Metal et ses racines folk, traditionnelles et m\u00e9di\u00e9vales. L\u2019immersion dans la f\u00eate m\u00e9di\u00e9vale avec ses artisans, les animations, les jeux, les boissons m\u00e9di\u00e9vales ainsi que la taverne qui proposera des plats savoureux rivalisera avec les concerts rares, originaux et cultes issus du metal pagan et folk.<\/p>\n","protected":false},"author":34,"featured_media":0,"parent":0,"menu_order":0,"comment_status":"closed","ping_status":"closed","template":"","meta":{"_mi_skip_tracking":false,"_monsterinsights_sitenote_active":false,"_monsterinsights_sitenote_note":"","_monsterinsights_sitenote_category":0,"footnotes":""},"class_list":["post-15020","page","type-page","status-publish","hentry"],"yoast_head":"<!-- This site is optimized with the Yoast SEO plugin v23.9 - https:\/\/yoast.com\/wordpress\/plugins\/seo\/ -->\n<title>Cernunnos Pagan Fest - Art&#039;n&#039;Roll Webzine<\/title>\n<meta name=\"robots\" content=\"index, follow, max-snippet:-1, max-image-preview:large, max-video-preview:-1\" \/>\n<link rel=\"canonical\" href=\"https:\/\/www.artnroll.net\/home\/?page_id=15020\" \/>\n<meta property=\"og:locale\" content=\"fr_FR\" \/>\n<meta property=\"og:type\" content=\"article\" \/>\n<meta property=\"og:title\" content=\"Cernunnos Pagan Fest - Art&#039;n&#039;Roll Webzine\" \/>\n<meta property=\"og:description\" content=\"Pour sa 10\u00e8me \u00e9dition, le Cernunnos Pagan Fest vous donne pour la premi\u00e8re fois rendez-vous sur 2 jours, les samedi 24 et dimanche 25 f\u00e9vrier 2018, une nouvelle fois \u00e0 la ferme du Buisson \u00e0 Noisiel. Le Cernunnos Pagan Festival est la rencontre originale entre le Pagan Metal et ses racines folk, traditionnelles et m\u00e9di\u00e9vales. L\u2019immersion dans la f\u00eate m\u00e9di\u00e9vale avec ses artisans, les animations, les jeux, les boissons m\u00e9di\u00e9vales ainsi que la taverne qui proposera des plats savoureux rivalisera avec les concerts rares, originaux et cultes issus du metal pagan et folk.\" \/>\n<meta property=\"og:url\" content=\"https:\/\/www.artnroll.net\/home\/?page_id=15020\" \/>\n<meta property=\"og:site_name\" content=\"Art&#039;n&#039;Roll Webzine\" \/>\n<meta property=\"article:publisher\" content=\"https:\/\/www.facebook.com\/artnroll.net\/\" \/>\n<meta property=\"og:image\" content=\"https:\/\/www.artnroll.net\/home\/wp-content\/uploads\/2018\/04\/Cernunnos.jpg\" \/>\n\t<meta property=\"og:image:width\" content=\"851\" \/>\n\t<meta property=\"og:image:height\" content=\"314\" \/>\n\t<meta property=\"og:image:type\" content=\"image\/jpeg\" \/>\n<script type=\"application\/ld+json\" class=\"yoast-schema-graph\">{\"@context\":\"https:\/\/schema.org\",\"@graph\":[{\"@type\":\"WebPage\",\"@id\":\"https:\/\/www.artnroll.net\/home\/?page_id=15020\",\"url\":\"https:\/\/www.artnroll.net\/home\/?page_id=15020\",\"name\":\"Cernunnos Pagan Fest - Art&#039;n&#039;Roll Webzine\",\"isPartOf\":{\"@id\":\"https:\/\/www.artnroll.net\/home\/#website\"},\"primaryImageOfPage\":{\"@id\":\"https:\/\/www.artnroll.net\/home\/?page_id=15020#primaryimage\"},\"image\":{\"@id\":\"https:\/\/www.artnroll.net\/home\/?page_id=15020#primaryimage\"},\"thumbnailUrl\":\"http:\/\/www.artnroll.net\/home\/wp-content\/uploads\/2018\/04\/Cernunnos-600x221.jpg\",\"datePublished\":\"2018-04-26T10:10:04+00:00\",\"dateModified\":\"2018-04-26T10:10:04+00:00\",\"inLanguage\":\"fr-FR\",\"potentialAction\":[{\"@type\":\"ReadAction\",\"target\":[\"https:\/\/www.artnroll.net\/home\/?page_id=15020\"]}]},{\"@type\":\"ImageObject\",\"inLanguage\":\"fr-FR\",\"@id\":\"https:\/\/www.artnroll.net\/home\/?page_id=15020#primaryimage\",\"url\":\"http:\/\/www.artnroll.net\/home\/wp-content\/uploads\/2018\/04\/Cernunnos-600x221.jpg\",\"contentUrl\":\"http:\/\/www.artnroll.net\/home\/wp-content\/uploads\/2018\/04\/Cernunnos-600x221.jpg\"},{\"@type\":\"WebSite\",\"@id\":\"https:\/\/www.artnroll.net\/home\/#website\",\"url\":\"https:\/\/www.artnroll.net\/home\/\",\"name\":\"Art&#039;n&#039;Roll Webzine\",\"description\":\"Webzine on the Rocks\",\"potentialAction\":[{\"@type\":\"SearchAction\",\"target\":{\"@type\":\"EntryPoint\",\"urlTemplate\":\"https:\/\/www.artnroll.net\/home\/?s={search_term_string}\"},\"query-input\":{\"@type\":\"PropertyValueSpecification\",\"valueRequired\":true,\"valueName\":\"search_term_string\"}}],\"inLanguage\":\"fr-FR\"}]}<\/script>\n<!-- \/ Yoast SEO plugin. -->","yoast_head_json":{"title":"Cernunnos Pagan Fest - Art&#039;n&#039;Roll Webzine","robots":{"index":"index","follow":"follow","max-snippet":"max-snippet:-1","max-image-preview":"max-image-preview:large","max-video-preview":"max-video-preview:-1"},"canonical":"https:\/\/www.artnroll.net\/home\/?page_id=15020","og_locale":"fr_FR","og_type":"article","og_title":"Cernunnos Pagan Fest - Art&#039;n&#039;Roll Webzine","og_description":"Pour sa 10\u00e8me \u00e9dition, le Cernunnos Pagan Fest vous donne pour la premi\u00e8re fois rendez-vous sur 2 jours, les samedi 24 et dimanche 25 f\u00e9vrier 2018, une nouvelle fois \u00e0 la ferme du Buisson \u00e0 Noisiel. Le Cernunnos Pagan Festival est la rencontre originale entre le Pagan Metal et ses racines folk, traditionnelles et m\u00e9di\u00e9vales. L\u2019immersion dans la f\u00eate m\u00e9di\u00e9vale avec ses artisans, les animations, les jeux, les boissons m\u00e9di\u00e9vales ainsi que la taverne qui proposera des plats savoureux rivalisera avec les concerts rares, originaux et cultes issus du metal pagan et folk.","og_url":"https:\/\/www.artnroll.net\/home\/?page_id=15020","og_site_name":"Art&#039;n&#039;Roll Webzine","article_publisher":"https:\/\/www.facebook.com\/artnroll.net\/","og_image":[{"width":851,"height":314,"url":"https:\/\/www.artnroll.net\/home\/wp-content\/uploads\/2018\/04\/Cernunnos.jpg","type":"image\/jpeg"}],"schema":{"@context":"https:\/\/schema.org","@graph":[{"@type":"WebPage","@id":"https:\/\/www.artnroll.net\/home\/?page_id=15020","url":"https:\/\/www.artnroll.net\/home\/?page_id=15020","name":"Cernunnos Pagan Fest - Art&#039;n&#039;Roll Webzine","isPartOf":{"@id":"https:\/\/www.artnroll.net\/home\/#website"},"primaryImageOfPage":{"@id":"https:\/\/www.artnroll.net\/home\/?page_id=15020#primaryimage"},"image":{"@id":"https:\/\/www.artnroll.net\/home\/?page_id=15020#primaryimage"},"thumbnailUrl":"http:\/\/www.artnroll.net\/home\/wp-content\/uploads\/2018\/04\/Cernunnos-600x221.jpg","datePublished":"2018-04-26T10:10:04+00:00","dateModified":"2018-04-26T10:10:04+00:00","inLanguage":"fr-FR","potentialAction":[{"@type":"ReadAction","target":["https:\/\/www.artnroll.net\/home\/?page_id=15020"]}]},{"@type":"ImageObject","inLanguage":"fr-FR","@id":"https:\/\/www.artnroll.net\/home\/?page_id=15020#primaryimage","url":"http:\/\/www.artnroll.net\/home\/wp-content\/uploads\/2018\/04\/Cernunnos-600x221.jpg","contentUrl":"http:\/\/www.artnroll.net\/home\/wp-content\/uploads\/2018\/04\/Cernunnos-600x221.jpg"},{"@type":"WebSite","@id":"https:\/\/www.artnroll.net\/home\/#website","url":"https:\/\/www.artnroll.net\/home\/","name":"Art&#039;n&#039;Roll Webzine","description":"Webzine on the Rocks","potentialAction":[{"@type":"SearchAction","target":{"@type":"EntryPoint","urlTemplate":"https:\/\/www.artnroll.net\/home\/?s={search_term_string}"},"query-input":{"@type":"PropertyValueSpecification","valueRequired":true,"valueName":"search_term_string"}}],"inLanguage":"fr-FR"}]}},"_links":{"self":[{"href":"https:\/\/www.artnroll.net\/home\/index.php?rest_route=\/wp\/v2\/pages\/15020","targetHints":{"allow":["GET"]}}],"collection":[{"href":"https:\/\/www.artnroll.net\/home\/index.php?rest_route=\/wp\/v2\/pages"}],"about":[{"href":"https:\/\/www.artnroll.net\/home\/index.php?rest_route=\/wp\/v2\/types\/page"}],"author":[{"embeddable":true,"href":"https:\/\/www.artnroll.net\/home\/index.php?rest_route=\/wp\/v2\/users\/34"}],"replies":[{"embeddable":true,"href":"https:\/\/www.artnroll.net\/home\/index.php?rest_route=%2Fwp%2Fv2%2Fcomments&post=15020"}],"version-history":[{"count":1,"href":"https:\/\/www.artnroll.net\/home\/index.php?rest_route=\/wp\/v2\/pages\/15020\/revisions"}],"predecessor-version":[{"id":15022,"href":"https:\/\/www.artnroll.net\/home\/index.php?rest_route=\/wp\/v2\/pages\/15020\/revisions\/15022"}],"wp:attachment":[{"href":"https:\/\/www.artnroll.net\/home\/index.php?rest_route=%2Fwp%2Fv2%2Fmedia&parent=15020"}],"curies":[{"name":"wp","href":"https:\/\/api.w.org\/{rel}","templated":true}]}}