{"id":15015,"date":"2018-04-26T12:02:51","date_gmt":"2018-04-26T10:02:51","guid":{"rendered":"http:\/\/www.artnroll.net\/home\/?page_id=15015"},"modified":"2018-05-04T17:10:16","modified_gmt":"2018-05-04T15:10:16","slug":"download","status":"publish","type":"page","link":"https:\/\/www.artnroll.net\/home\/?page_id=15015","title":{"rendered":"Download"},"content":{"rendered":"<h2><img loading=\"lazy\" decoding=\"async\" class=\"alignnone wp-image-15016 size-large\" src=\"http:\/\/www.artnroll.net\/home\/wp-content\/uploads\/2018\/04\/fbshare-download-600x315.jpg\" alt=\"\" width=\"600\" height=\"315\" srcset=\"https:\/\/www.artnroll.net\/home\/wp-content\/uploads\/2018\/04\/fbshare-download-600x315.jpg 600w, https:\/\/www.artnroll.net\/home\/wp-content\/uploads\/2018\/04\/fbshare-download-300x158.jpg 300w, https:\/\/www.artnroll.net\/home\/wp-content\/uploads\/2018\/04\/fbshare-download-768x403.jpg 768w, https:\/\/www.artnroll.net\/home\/wp-content\/uploads\/2018\/04\/fbshare-download.jpg 1200w\" sizes=\"auto, (max-width: 600px) 100vw, 600px\" \/><\/h2>\n<h2>DATES DU DOWNLOAD PARIS 2018<\/h2>\n<p>Le festival a lieu les Vendredi 15, Samedi 16, Dimanche 17 et Lundi 18 Juin 2018 sur la Base A\u00e9rienne 217 situ\u00e9 au Plessis-P\u00e2t\u00e9 \/ Br\u00e9tigny-sur-Orge \/ C\u0153ur d\u2019Essonne, en France..<\/p>\n<p>Au programme 77 groupes pour 4\u00a0 jours de concerts avec entre autres,\u00a0<strong>Ozzy Osbourne, les Foo Fighters, Marilyn Manson, Ghost, The Offspring, The Hives<\/strong>\u00a0ou encore\u00a0<strong>Tagada Jones,\u00a0Converge, Meshuggah et les Guns!<\/strong><\/p>\n<h2><\/h2>\n<h2>HORAIRES<\/h2>\n<h5>VENDREDI 15 JUIN<\/h5>\n<ul>\n<li>Ouverture des portes: 13h30<\/li>\n<li>D\u00e9but du premier concert: Bient\u00f4t disponible.<\/li>\n<li>Fin du dernier concert: 23h30<\/li>\n<\/ul>\n<h5><\/h5>\n<h5>SAMEDI 16 JUIN<\/h5>\n<ul>\n<li>Ouverture des portes: 12h30<\/li>\n<li>D\u00e9but du premier concert: Bient\u00f4t disponible<\/li>\n<li>Fin du dernier concert: 23h30<\/li>\n<\/ul>\n<h5><\/h5>\n<h5>DIMANCHE 17 JUIN<\/h5>\n<ul>\n<li>Ouverture des portes: 12h30<\/li>\n<li>D\u00e9but du premier concert: Bient\u00f4t disponible<\/li>\n<li>Fin du dernier concert: 23h30<\/li>\n<\/ul>\n<h5><\/h5>\n<h5>LUNDI 18 JUIN<\/h5>\n<ul>\n<li>Ouverture des portes: 14h00<\/li>\n<li>D\u00e9but du premier concert: Bient\u00f4t disponible<\/li>\n<li>Fin du dernier concert: 23h30<\/li>\n<\/ul>\n<h2><\/h2>\n<h2>ACC\u00c8S<\/h2>\n<p>Le festival DOWNLOAD PARIS 2018 se d\u00e9roule sur la Base A\u00e9rienne 217, Le Plessis-P\u00e2t\u00e9 \/ Br\u00e9tigny-sur-Orge \/ C\u0153ur d\u2019Essonne, situ\u00e9e au sud de Paris, dans la r\u00e9gion Ile-de-France, en France.<\/p>\n<p><em>Plus d&rsquo;informations \u00e0 venir&#8230;<\/em><br \/>\n<a href=\"https:\/\/www.downloadfestival.fr\/fr\">https:\/\/www.downloadfestival.fr\/fr<\/a><\/p>\n","protected":false},"excerpt":{"rendered":"<p>DATES DU DOWNLOAD PARIS 2018 Le festival a lieu les Vendredi 15, Samedi 16, Dimanche 17 et Lundi 18 Juin 2018 sur la Base A\u00e9rienne 217 situ\u00e9 au Plessis-P\u00e2t\u00e9 \/ Br\u00e9tigny-sur-Orge \/ C\u0153ur d\u2019Essonne, en France.. Au programme 77 groupes pour 4\u00a0 jours de concerts avec entre autres,\u00a0Ozzy Osbourne, les Foo Fighters, Marilyn Manson, Ghost, The Offspring, The Hives\u00a0ou encore\u00a0Tagada Jones,\u00a0Converge, Meshuggah et les Guns! HORAIRES VENDREDI 15 JUIN Ouverture des portes: 13h30 D\u00e9but du premier concert: Bient\u00f4t disponible. Fin du dernier concert: 23h30 SAMEDI 16 JUIN Ouverture des portes: 12h30 D\u00e9but du premier concert: Bient\u00f4t disponible Fin du dernier [&hellip;]<\/p>\n","protected":false},"author":34,"featured_media":15016,"parent":0,"menu_order":0,"comment_status":"closed","ping_status":"closed","template":"","meta":{"_mi_skip_tracking":false,"_monsterinsights_sitenote_active":false,"_monsterinsights_sitenote_note":"","_monsterinsights_sitenote_category":0,"footnotes":""},"class_list":["post-15015","page","type-page","status-publish","has-post-thumbnail","hentry"],"yoast_head":"<!-- This site is optimized with the Yoast SEO plugin v23.9 - https:\/\/yoast.com\/wordpress\/plugins\/seo\/ -->\n<title>Download - Art&#039;n&#039;Roll Webzine<\/title>\n<meta name=\"robots\" content=\"index, follow, max-snippet:-1, max-image-preview:large, max-video-preview:-1\" \/>\n<link rel=\"canonical\" href=\"https:\/\/www.artnroll.net\/home\/?page_id=15015\" \/>\n<meta property=\"og:locale\" content=\"fr_FR\" \/>\n<meta property=\"og:type\" content=\"article\" \/>\n<meta property=\"og:title\" content=\"Download - Art&#039;n&#039;Roll Webzine\" \/>\n<meta property=\"og:description\" content=\"DATES DU DOWNLOAD PARIS 2018 Le festival a lieu les Vendredi 15, Samedi 16, Dimanche 17 et Lundi 18 Juin 2018 sur la Base A\u00e9rienne 217 situ\u00e9 au Plessis-P\u00e2t\u00e9 \/ Br\u00e9tigny-sur-Orge \/ C\u0153ur d\u2019Essonne, en France.. Au programme 77 groupes pour 4\u00a0 jours de concerts avec entre autres,\u00a0Ozzy Osbourne, les Foo Fighters, Marilyn Manson, Ghost, The Offspring, The Hives\u00a0ou encore\u00a0Tagada Jones,\u00a0Converge, Meshuggah et les Guns! HORAIRES VENDREDI 15 JUIN Ouverture des portes: 13h30 D\u00e9but du premier concert: Bient\u00f4t disponible. Fin du dernier concert: 23h30 SAMEDI 16 JUIN Ouverture des portes: 12h30 D\u00e9but du premier concert: Bient\u00f4t disponible Fin du dernier [&hellip;]\" \/>\n<meta property=\"og:url\" content=\"https:\/\/www.artnroll.net\/home\/?page_id=15015\" \/>\n<meta property=\"og:site_name\" content=\"Art&#039;n&#039;Roll Webzine\" \/>\n<meta property=\"article:publisher\" content=\"https:\/\/www.facebook.com\/artnroll.net\/\" \/>\n<meta property=\"article:modified_time\" content=\"2018-05-04T15:10:16+00:00\" \/>\n<meta property=\"og:image\" content=\"https:\/\/www.artnroll.net\/home\/wp-content\/uploads\/2018\/04\/fbshare-download.jpg\" \/>\n\t<meta property=\"og:image:width\" content=\"1200\" \/>\n\t<meta property=\"og:image:height\" content=\"630\" \/>\n\t<meta property=\"og:image:type\" content=\"image\/jpeg\" \/>\n<meta name=\"twitter:label1\" content=\"Dur\u00e9e de lecture estim\u00e9e\" \/>\n\t<meta name=\"twitter:data1\" content=\"1 minute\" \/>\n<script type=\"application\/ld+json\" class=\"yoast-schema-graph\">{\"@context\":\"https:\/\/schema.org\",\"@graph\":[{\"@type\":\"WebPage\",\"@id\":\"https:\/\/www.artnroll.net\/home\/?page_id=15015\",\"url\":\"https:\/\/www.artnroll.net\/home\/?page_id=15015\",\"name\":\"Download - Art&#039;n&#039;Roll Webzine\",\"isPartOf\":{\"@id\":\"https:\/\/www.artnroll.net\/home\/#website\"},\"primaryImageOfPage\":{\"@id\":\"https:\/\/www.artnroll.net\/home\/?page_id=15015#primaryimage\"},\"image\":{\"@id\":\"https:\/\/www.artnroll.net\/home\/?page_id=15015#primaryimage\"},\"thumbnailUrl\":\"https:\/\/www.artnroll.net\/home\/wp-content\/uploads\/2018\/04\/fbshare-download.jpg\",\"datePublished\":\"2018-04-26T10:02:51+00:00\",\"dateModified\":\"2018-05-04T15:10:16+00:00\",\"inLanguage\":\"fr-FR\",\"potentialAction\":[{\"@type\":\"ReadAction\",\"target\":[\"https:\/\/www.artnroll.net\/home\/?page_id=15015\"]}]},{\"@type\":\"ImageObject\",\"inLanguage\":\"fr-FR\",\"@id\":\"https:\/\/www.artnroll.net\/home\/?page_id=15015#primaryimage\",\"url\":\"https:\/\/www.artnroll.net\/home\/wp-content\/uploads\/2018\/04\/fbshare-download.jpg\",\"contentUrl\":\"https:\/\/www.artnroll.net\/home\/wp-content\/uploads\/2018\/04\/fbshare-download.jpg\",\"width\":1200,\"height\":630},{\"@type\":\"WebSite\",\"@id\":\"https:\/\/www.artnroll.net\/home\/#website\",\"url\":\"https:\/\/www.artnroll.net\/home\/\",\"name\":\"Art&#039;n&#039;Roll Webzine\",\"description\":\"Webzine on the Rocks\",\"potentialAction\":[{\"@type\":\"SearchAction\",\"target\":{\"@type\":\"EntryPoint\",\"urlTemplate\":\"https:\/\/www.artnroll.net\/home\/?s={search_term_string}\"},\"query-input\":{\"@type\":\"PropertyValueSpecification\",\"valueRequired\":true,\"valueName\":\"search_term_string\"}}],\"inLanguage\":\"fr-FR\"}]}<\/script>\n<!-- \/ Yoast SEO plugin. -->","yoast_head_json":{"title":"Download - Art&#039;n&#039;Roll Webzine","robots":{"index":"index","follow":"follow","max-snippet":"max-snippet:-1","max-image-preview":"max-image-preview:large","max-video-preview":"max-video-preview:-1"},"canonical":"https:\/\/www.artnroll.net\/home\/?page_id=15015","og_locale":"fr_FR","og_type":"article","og_title":"Download - Art&#039;n&#039;Roll Webzine","og_description":"DATES DU DOWNLOAD PARIS 2018 Le festival a lieu les Vendredi 15, Samedi 16, Dimanche 17 et Lundi 18 Juin 2018 sur la Base A\u00e9rienne 217 situ\u00e9 au Plessis-P\u00e2t\u00e9 \/ Br\u00e9tigny-sur-Orge \/ C\u0153ur d\u2019Essonne, en France.. Au programme 77 groupes pour 4\u00a0 jours de concerts avec entre autres,\u00a0Ozzy Osbourne, les Foo Fighters, Marilyn Manson, Ghost, The Offspring, The Hives\u00a0ou encore\u00a0Tagada Jones,\u00a0Converge, Meshuggah et les Guns! HORAIRES VENDREDI 15 JUIN Ouverture des portes: 13h30 D\u00e9but du premier concert: Bient\u00f4t disponible. Fin du dernier concert: 23h30 SAMEDI 16 JUIN Ouverture des portes: 12h30 D\u00e9but du premier concert: Bient\u00f4t disponible Fin du dernier [&hellip;]","og_url":"https:\/\/www.artnroll.net\/home\/?page_id=15015","og_site_name":"Art&#039;n&#039;Roll Webzine","article_publisher":"https:\/\/www.facebook.com\/artnroll.net\/","article_modified_time":"2018-05-04T15:10:16+00:00","og_image":[{"width":1200,"height":630,"url":"https:\/\/www.artnroll.net\/home\/wp-content\/uploads\/2018\/04\/fbshare-download.jpg","type":"image\/jpeg"}],"twitter_misc":{"Dur\u00e9e de lecture estim\u00e9e":"1 minute"},"schema":{"@context":"https:\/\/schema.org","@graph":[{"@type":"WebPage","@id":"https:\/\/www.artnroll.net\/home\/?page_id=15015","url":"https:\/\/www.artnroll.net\/home\/?page_id=15015","name":"Download - Art&#039;n&#039;Roll Webzine","isPartOf":{"@id":"https:\/\/www.artnroll.net\/home\/#website"},"primaryImageOfPage":{"@id":"https:\/\/www.artnroll.net\/home\/?page_id=15015#primaryimage"},"image":{"@id":"https:\/\/www.artnroll.net\/home\/?page_id=15015#primaryimage"},"thumbnailUrl":"https:\/\/www.artnroll.net\/home\/wp-content\/uploads\/2018\/04\/fbshare-download.jpg","datePublished":"2018-04-26T10:02:51+00:00","dateModified":"2018-05-04T15:10:16+00:00","inLanguage":"fr-FR","potentialAction":[{"@type":"ReadAction","target":["https:\/\/www.artnroll.net\/home\/?page_id=15015"]}]},{"@type":"ImageObject","inLanguage":"fr-FR","@id":"https:\/\/www.artnroll.net\/home\/?page_id=15015#primaryimage","url":"https:\/\/www.artnroll.net\/home\/wp-content\/uploads\/2018\/04\/fbshare-download.jpg","contentUrl":"https:\/\/www.artnroll.net\/home\/wp-content\/uploads\/2018\/04\/fbshare-download.jpg","width":1200,"height":630},{"@type":"WebSite","@id":"https:\/\/www.artnroll.net\/home\/#website","url":"https:\/\/www.artnroll.net\/home\/","name":"Art&#039;n&#039;Roll Webzine","description":"Webzine on the Rocks","potentialAction":[{"@type":"SearchAction","target":{"@type":"EntryPoint","urlTemplate":"https:\/\/www.artnroll.net\/home\/?s={search_term_string}"},"query-input":{"@type":"PropertyValueSpecification","valueRequired":true,"valueName":"search_term_string"}}],"inLanguage":"fr-FR"}]}},"_links":{"self":[{"href":"https:\/\/www.artnroll.net\/home\/index.php?rest_route=\/wp\/v2\/pages\/15015","targetHints":{"allow":["GET"]}}],"collection":[{"href":"https:\/\/www.artnroll.net\/home\/index.php?rest_route=\/wp\/v2\/pages"}],"about":[{"href":"https:\/\/www.artnroll.net\/home\/index.php?rest_route=\/wp\/v2\/types\/page"}],"author":[{"embeddable":true,"href":"https:\/\/www.artnroll.net\/home\/index.php?rest_route=\/wp\/v2\/users\/34"}],"replies":[{"embeddable":true,"href":"https:\/\/www.artnroll.net\/home\/index.php?rest_route=%2Fwp%2Fv2%2Fcomments&post=15015"}],"version-history":[{"count":4,"href":"https:\/\/www.artnroll.net\/home\/index.php?rest_route=\/wp\/v2\/pages\/15015\/revisions"}],"predecessor-version":[{"id":15112,"href":"https:\/\/www.artnroll.net\/home\/index.php?rest_route=\/wp\/v2\/pages\/15015\/revisions\/15112"}],"wp:featuredmedia":[{"embeddable":true,"href":"https:\/\/www.artnroll.net\/home\/index.php?rest_route=\/wp\/v2\/media\/15016"}],"wp:attachment":[{"href":"https:\/\/www.artnroll.net\/home\/index.php?rest_route=%2Fwp%2Fv2%2Fmedia&parent=15015"}],"curies":[{"name":"wp","href":"https:\/\/api.w.org\/{rel}","templated":true}]}}