{"id":11313,"date":"2017-02-07T12:02:06","date_gmt":"2017-02-07T11:02:06","guid":{"rendered":"http:\/\/devs.gaudefroyonline.com\/artnroll\/?page_id=11313"},"modified":"2017-02-14T01:43:46","modified_gmt":"2017-02-14T00:43:46","slug":"la-new-crewte","status":"publish","type":"page","link":"https:\/\/www.artnroll.net\/home\/?page_id=11313","title":{"rendered":"La crewte"},"content":{"rendered":"<p>[vc_row][vc_column][vc_column_text]<div id=\"wtm-team-99871809\" class=\"wp-team-manager-wrapper team-list list-wrapper\"><div class='wtm-col-md-6 wtm-col-sm-6 wtm-col-xs-12'><div class=\"list\">\r\n\t\t    <div class=\"team-member-info\">\r\n\t\t    <img class='team-picture boxed' src='https:\/\/www.artnroll.net\/home\/wp-content\/uploads\/2017\/02\/Ask-1-400x250.jpg' width='400' title='Ask' \/>\r\n\t\t     <ul class=\"team-member-socials font-awesome\"><li><a href=\"mailto:askhoven1@artnroll.net\" title=\"Email\"><i class=\"fa fa-envelope-o\" aria-hidden=\"true\"><\/i><\/a><\/li><\/ul>\r\n\t\t    <\/div><div class=\"team-member-des\">\r\n\t\t    <h2 class=\"team-title\">Ask<\/h2>\r\n\t\t    <h4 class=\"team-position\">my Pr\u00e9sident<\/h4>\r\n\t\t    <p style=\"text-align: left;\" align=\"center\">Videur (de futs) et plus commun\u00e9ment appel\u00e9 Dieu, c\u2019est simple, il a toujours raison surtout quand il a tort . Com\u00e9dien \u00e0 ses heures plus ou moins perdues, il a interpr\u00e9t\u00e9 un petit r\u00f4le dans les visiteurs en tant que poche \u00e0 gn\u00f4le.<\/p>\n<p>Il aime le Metal, du\u00a0Hard rock au Death\u00a0Metal en passant par le punk : Bon Jovi, Napalm Death, Toussa\u2026! Il voue un culte inconditionnel au Jack Daniel\u2019s et \u00e0 lui-m\u00eame. Il est quelques fois sobre, mais c\u2019est plut\u00f4t rare.Il a aussi la particularit\u00e9 de manger sa nourriture crue \u2026.Ne demandez pas pourquoi, on essaie toujours de r\u00e9soudre cette \u00e9nigme. Il a aussi cette terrible habitude de jouer avec son corps, ce qui donne des langues coup\u00e9es et des antennes sur la t\u00eate \u2026 \u00e7a non plus demandez pas \u2026<\/p>\n<p>C\u2019est un facho de la musique sauf quand on arrive \u00e0 lui faire faire la chenille ! Alors attention \u00e0 vous si cet homme doit vous interviewer ou vous chroniquer!<\/p>\n<h2 style=\"text-align: center;\" align=\"center\"><b>GOOD TO BE GOD!<\/b><\/h2>\n<p>&nbsp;<\/p>\n\r\n\t\t    <ul class=\"team-member-other-info\"><\/ul>\r\n\t\t    <\/div>\r\n\t\t    <\/div><\/div><\/div>[\/vc_column_text][\/vc_column][\/vc_row][vc_row][vc_column][vc_column_text]<div id=\"wtm-team-1306696572\" class=\"wp-team-manager-wrapper team-list -wrapper\"><div class='wtm-col-md-6 wtm-col-sm-6 wtm-col-xs-12'><div class=\"grid\">\r\n\t\t    <div class=\"team-member-info\">\r\n\t\t    <img class='team-picture boxed' src='https:\/\/www.artnroll.net\/home\/wp-content\/uploads\/2023\/10\/thumbnail_IMG_7428-440x250.jpg' width='440' title='C\u00e9line' \/>\r\n\t\t     <ul class=\"team-member-socials font-awesome\"><\/ul>\r\n\t\t    <\/div><div class=\"team-member-des\">\r\n\t\t    <h2 class=\"team-title\">C\u00e9line<\/h2>\r\n\t\t    <h4 class=\"team-position\"><\/h4>\r\n\t\t    <p><strong>La gardienne de Facebook<\/strong><\/p>\n<p>Embarqu\u00e9e dans l&rsquo;aventure Art&rsquo;n&rsquo;Roll, il y a 2 ans et 1\/2 pour prendre la suite de Salom\u00e9 (un grand privil\u00e8ge!), je suis l&rsquo;heureuse gardienne des publications sur Facebook!<\/p>\n<p>Une t\u00e2che ardue mais tellement passionnante ! Et de temps \u00e0 autre, je deviens chroniqueuse, je fais des interviews et je suis fi\u00e8re de faire partie d&rsquo;une super team !<\/p>\n<p>Fan de Heavy Metal depuis la premi\u00e8re heure, j&rsquo;\u00e9coute malgr\u00e9 tout, tout ce qui se pr\u00e9sente car il ne faut pas mourir stupide \ud83d\ude09 mais dans la limite de ce que mes oreilles supportent bien s\u00fbr !<\/p>\n<p>Petite info suppl\u00e9mentaire mais non n\u00e9gligeable, vous me verrez souvent accompagn\u00e9e de ma petite assistante personnelle ! Ma fille, ma poupette, fan de m\u00e9tal \u00e9galement ! La lign\u00e9e est assur\u00e9e!<\/p>\n<p>&nbsp;<\/p>\n\r\n\t\t    <ul class=\"team-member-other-info\"><\/ul>\r\n\t\t    <\/div>\r\n\t\t    <\/div><\/div><div class='wtm-col-md-6 wtm-col-sm-6 wtm-col-xs-12'><div class=\"grid\">\r\n\t\t    <div class=\"team-member-info\">\r\n\t\t    <img class='team-picture boxed' src='https:\/\/www.artnroll.net\/home\/wp-content\/uploads\/2023\/04\/1680002655100-440x250.jpg' width='440' title='Jehleen' \/>\r\n\t\t     <ul class=\"team-member-socials font-awesome\"><\/ul>\r\n\t\t    <\/div><div class=\"team-member-des\">\r\n\t\t    <h2 class=\"team-title\">Jehleen<\/h2>\r\n\t\t    <h4 class=\"team-position\"><\/h4>\r\n\t\t    <div class=\"v1gmail_default\">Nomade, impulsive, sautille quand la musique lui plait, intarissable voir insupportable quand on la lance sur certains sujets, surtout avec un coup dans le nez. A premi\u00e8re vue Jehleen elle a pas l&rsquo;air d&rsquo;\u00e9couter du metal, non, plut\u00f4t l&rsquo;air merdeuse. Elle est tomb\u00e9e dans le metal avec Lofofora qui a \u00e9t\u00e9 et reste son groupe f\u00e9tiche avec qui elle a grandi, rag\u00e9, gueul\u00e9, slam\u00e9. Elle \u00e9coute pas tout, non, elle \u00e9coute ce qui la fait vibrer : du post rock et rock psych\u00e9 au grunge et stoner en passant par le black metal, le sludge ou le pagan avec un stop sur quelques trucs chelou genre Melt Banana ou Bohlelav. Elle aime pas le prog, ni le funeral doom, tol\u00e8re les trucs un peu du genre -core, a du mal avec le thrash et a beaucoup de mal avec le heavy et les voix trop claires.<\/div>\n<div class=\"v1gmail_default\">Plus c&rsquo;est violent mieux c&rsquo;est, plus c&rsquo;est vari\u00e9 et composite mieux c&rsquo;est, plus c&rsquo;est du d\u00e9versoir des tripes de ceux qui ont \u00e9crit, mieux c&rsquo;est.\u00a0 Parlez lui de Lost in Kiev, Mispyrming, Einard Selvik, Svart Crown, Obscure Sphynx, God is an Astronaut ou Devin Townsend, ou du bassiste l\u00e0 sur sc\u00e8ne avec ces beaux cheveux et Jeh aura les yeux plein de paillettes<\/div>\n\r\n\t\t    <ul class=\"team-member-other-info\"><\/ul>\r\n\t\t    <\/div>\r\n\t\t    <\/div><\/div><div class='wtm-col-md-6 wtm-col-sm-6 wtm-col-xs-12'><div class=\"grid\">\r\n\t\t    <div class=\"team-member-info\">\r\n\t\t    <img class='team-picture boxed' src='https:\/\/www.artnroll.net\/home\/wp-content\/uploads\/2017\/02\/20130517-2013-05-17-01-300x199.jpg' width='300' title='La Mamy' \/>\r\n\t\t     <ul class=\"team-member-socials font-awesome\"><\/ul>\r\n\t\t    <\/div><div class=\"team-member-des\">\r\n\t\t    <h2 class=\"team-title\">La Mamy<\/h2>\r\n\t\t    <h4 class=\"team-position\">kro-niqueuse<\/h4>\r\n\t\t    <p>habile croisement entre Heidi, la petite fille des montagnes, et Regan, la petite fille de l\u2019Exorciste. La Mamy aime s\u2019envoyer des douzaines de pintes, rentrer de soir\u00e9e en balai magique et comparer ses cheveux avec ceux des chanteurs de groupes rock, m\u00eame si en r\u00e9alit\u00e9 elle pr\u00e9f\u00e8rerait leur montrer ses seins. La Mamy pr\u00e9tend appr\u00e9cier le traditionnel moules\/ frites dominical, en v\u00e9rit\u00e9 elle s\u2019envoie 3 kilos de raclette au go\u00fbter puisqu\u2019elle a pour passion le fromage fondu. On peut r\u00e9guli\u00e8rement trouver la Mamy en train de boire des shots et poum poum booty shaker du c\u00f4t\u00e9 des bars de Bastille. La Mamy voue un culte immod\u00e9r\u00e9 \u00e0 Dirty Dancing dont elle sait impeccablement reproduire les chor\u00e9graphies uniquement avec les doigts. La Mamy est aussi une grande aventuri\u00e8re puisqu\u2019elle n\u2019h\u00e9site pas \u00e0 tyranniser les troupes et m\u00eame parfois le grand chef, \u00e0 ses risques et p\u00e9rils !<\/p>\n<p>Chez Art\u2019N\u2019Roll La Mamy est kro-niqueuse manuelle et intervieweuse linguale, mais elle ambitionne secr\u00e8tement de devenir hippocampe en chef \u00e0 Bikini Bottom malgr\u00e9 qu\u2019elle soit d\u00e9j\u00e0 assistante bras droit de Dieu!<\/p>\n\r\n\t\t    <ul class=\"team-member-other-info\"><\/ul>\r\n\t\t    <\/div>\r\n\t\t    <\/div><\/div><div class='wtm-col-md-6 wtm-col-sm-6 wtm-col-xs-12'><div class=\"grid\">\r\n\t\t    <div class=\"team-member-info\">\r\n\t\t    <img class='team-picture boxed' src='https:\/\/www.artnroll.net\/home\/wp-content\/uploads\/2017\/02\/theKat.jpg' width='375' title='The Kat' \/>\r\n\t\t     <ul class=\"team-member-socials font-awesome\"><\/ul>\r\n\t\t    <\/div><div class=\"team-member-des\">\r\n\t\t    <h2 class=\"team-title\">The Kat<\/h2>\r\n\t\t    <h4 class=\"team-position\">sale gosse hyperactive<\/h4>\r\n\t\t    <p><span style=\"color: #777777;\"><span style=\"font-family: Source Sans Pro,sans-serif;\"><span style=\"font-size: medium;\">Elle a d\u00e9barqu\u00e9 chez Art n&rsquo; Roll en 2012, l&rsquo;ann\u00e9e de l&rsquo;apocalypse, a commenc\u00e9 par faire un live report de la F\u00eate de l&rsquo;Huma chez les r\u00e9volutionnaires. Elle continue depuis \u00e0 \u0153uvrer intens\u00e9ment pour l&rsquo;asso. Ses domaines de pr\u00e9dilection\u00a0: le Heavy, le Black Metal, le Post Metal, et les styles hors normes. Dernier coup de c\u0153ur en date\u00a0: Zeal and Ardor. Pour Kat, la vie serait moins douce sans le cin\u00e9 et les bouquins, et la musique \u00e9videmment !<br \/>\nEn concert, il y a des chances que tu la trouves en train de hanter le c\u00f4t\u00e9 droit de la fosse. Ou gauche.<br \/>\nOn la traite de hippie, mais m\u00e9fie-toi, on disait la m\u00eame chose de Charles Manson\u00a0! <\/span><\/span><\/span><\/p>\n\r\n\t\t    <ul class=\"team-member-other-info\"><\/ul>\r\n\t\t    <\/div>\r\n\t\t    <\/div><\/div><div class='wtm-col-md-6 wtm-col-sm-6 wtm-col-xs-12'><div class=\"grid\">\r\n\t\t    <div class=\"team-member-info\">\r\n\t\t    <img class='team-picture boxed' src='https:\/\/www.artnroll.net\/home\/wp-content\/uploads\/2017\/02\/2016-02-26-22.08.43_resized-440x250.jpg' width='440' title='Marion D' \/>\r\n\t\t     <ul class=\"team-member-socials font-awesome\"><li><a href=\"mailto:marion538@hotmail.com\" title=\"Email\"><i class=\"fa fa-envelope-o\" aria-hidden=\"true\"><\/i><\/a><\/li><\/ul>\r\n\t\t    <\/div><div class=\"team-member-des\">\r\n\t\t    <h2 class=\"team-title\">Marion D<\/h2>\r\n\t\t    <h4 class=\"team-position\">KRONIKEUSE<\/h4>\r\n\t\t    <p>Marion s\u00e9vit principalement dans le quartier de Bastille o\u00f9 elle s\u00e8me la terreur les soirs de Blindtest avec quelques m\u00e9dailles d\u2019or \u00e0 son actif. Au sein de la Crewte, Marion t\u2019offre ses plus belles chroniques CD \/ interviews et live report, elle est aussi notre nouvelle \u00ab\u00a0Geekette\u00a0\u00bb et fait office de Miss Bescherelle. Dans la vraie vie, Marion aime le tennis (enfin Richard Gasquet) et la litt\u00e9rature Russe mais surtout, elle r\u00eave secr\u00e8tement de se marier avec Jared Leto.<\/p>\n<p>Les amateurs de serviettes et de sardines, tenez-vous \u00e9loign\u00e9s puisqu\u2019elle ex\u00e8cre Patrick Sebastien, d\u2019ailleurs ne l\u2019emmenez pas jeter des \u0153ufs \u00e0 Patrick Sebastien, elle n\u2019aime pas \u00e7a non plus. Musicalement, l\u2019univers de Marion est tr\u00e8s diversifi\u00e9, du Heavy au Punk-Rock en passant par le Glam, le Thrash et l\u2019Indus. Vous pourrez la voir fr\u00e9mir au concert de Metallica, chanter du Bon Jovi \u00e0 tue-t\u00eate ou se plonger dans des r\u00e9flexions m\u00e9taphysiques avec Tool. Mais en vrai, Marion est d\u00e9finitivement rest\u00e9e bloqu\u00e9e \u00e0 l\u2019adolescence avec un amour particulier, mais assum\u00e9, pour le Neo-Metal.<\/p>\n\r\n\t\t    <ul class=\"team-member-other-info\"><\/ul>\r\n\t\t    <\/div>\r\n\t\t    <\/div><\/div><div class='wtm-col-md-6 wtm-col-sm-6 wtm-col-xs-12'><div class=\"grid\">\r\n\t\t    <div class=\"team-member-info\">\r\n\t\t    <img class='team-picture boxed' src='https:\/\/www.artnroll.net\/home\/wp-content\/uploads\/2017\/03\/franck-p-440x250.jpg' width='440' title='Franck P' \/>\r\n\t\t     <ul class=\"team-member-socials font-awesome\"><\/ul>\r\n\t\t    <\/div><div class=\"team-member-des\">\r\n\t\t    <h2 class=\"team-title\">Franck P<\/h2>\r\n\t\t    <h4 class=\"team-position\">KRONIKEUR<\/h4>\r\n\t\t    <p>Franck Paul AKA\u00a0Franckinator.<\/p>\n<p>N\u00e9 fin des ann\u00e9es 60 il grandit avec le son de Led Zep, UFO, Deep Purple.\u00a0Il tra\u00eene avec des bandes en \u00e9coutant les premiers TRUST jusqu\u2019aux ann\u00e9es 80. En vacances, de LOS ANGELES \u00e0 VEGAS il\u00a0\u00e9coute les albums de \u00a0MOTLEY, POISON et autres. Dans les ann\u00e9es 90 Francky se tourne vers le Power\u00a0Metal et devient fin collectionneur. Il\u00a0commence \u00e0 fr\u00e9quenter les festivals de m\u00e9tal: Graspop, Wacken pour arriver au Hellfest !<\/p>\n<p>Mais c&rsquo;est lors d&rsquo;une apr\u00e8s-midi d\u2019hiver 97 que tout change. Au hasard d\u2019une grande enseigne de disques, Franck tombe sur un cd qui bouleverse sa vision du rock. Une\u00a0nouvelle aventure musicale commence alors : celle du Dark et du Black Metal. Invitez le \u00e0 boire un jack coca ! et parlez lui de Metal, de tous styles de rock mais surtout, surtout \u00e9vitez de prononcer le\u00a0mot \u00ab\u00a0alternatif rock\u00a0\u00bb, \u00a0il d\u00e9teste!<\/p>\n\r\n\t\t    <ul class=\"team-member-other-info\"><\/ul>\r\n\t\t    <\/div>\r\n\t\t    <\/div><\/div><div class='wtm-col-md-6 wtm-col-sm-6 wtm-col-xs-12'><div class=\"grid\">\r\n\t\t    <div class=\"team-member-info\">\r\n\t\t    <img class='team-picture boxed' src='https:\/\/www.artnroll.net\/home\/wp-content\/uploads\/2017\/02\/5-Copie-440x250.jpg' width='440' title='ROMAIN' \/>\r\n\t\t     <ul class=\"team-member-socials font-awesome\"><\/ul>\r\n\t\t    <\/div><div class=\"team-member-des\">\r\n\t\t    <h2 class=\"team-title\">ROMAIN<\/h2>\r\n\t\t    <h4 class=\"team-position\">LE GENERALISTE<\/h4>\r\n\t\t    <div>Chroniqueur g\u00e9n\u00e9raliste, \u00e0 dominante Classic Rock et Ann\u00e9es 90<\/div>\n<div>\n<p>Mentions de sp\u00e9cialisation en Thrash Metal Old School et en Metal Symphonique en cours d\u2019obtention.<\/p>\n<\/div>\n\r\n\t\t    <ul class=\"team-member-other-info\"><\/ul>\r\n\t\t    <\/div>\r\n\t\t    <\/div><\/div><div class='wtm-col-md-6 wtm-col-sm-6 wtm-col-xs-12'><div class=\"grid\">\r\n\t\t    <div class=\"team-member-info\">\r\n\t\t    <img class='team-picture boxed' src='https:\/\/www.artnroll.net\/home\/wp-content\/uploads\/2017\/09\/pauline-440x250.jpg' width='440' title='Pauline CASSIER' \/>\r\n\t\t     <ul class=\"team-member-socials font-awesome\"><\/ul>\r\n\t\t    <\/div><div class=\"team-member-des\">\r\n\t\t    <h2 class=\"team-title\">Pauline CASSIER<\/h2>\r\n\t\t    <h4 class=\"team-position\">Photographe<\/h4>\r\n\t\t    <p>Fan de Post-Hardcore, Metal core, Death core, enfin tout ce qui fini par core quoi mais aussi fan de bi\u00e8re (et de poney mais \u00e7a c\u2019est une autre histoire) tu pourras me croiser dans tout les pits de paris o\u00f9 \u00e7a mosh, affubl\u00e9e de mes deux b\u00e9b\u00e9s (AKA mes appareils photos), une pinte dans la main un objectif dans l\u2019autre, je suis facilement reconnaissable!<\/p>\n\r\n\t\t    <ul class=\"team-member-other-info\"><\/ul>\r\n\t\t    <\/div>\r\n\t\t    <\/div><\/div><\/div>[\/vc_column_text][\/vc_column][\/vc_row][vc_row][vc_column][vc_btn title=\u00a0\u00bbJe suis une cr\u00e8me, je veux faire partie de la crewte!\u00a0\u00bb color=\u00a0\u00bbinverse\u00a0\u00bb align=\u00a0\u00bbcenter\u00a0\u00bb i_icon_fontawesome=\u00a0\u00bbfa fa-glass\u00a0\u00bb add_icon=\u00a0\u00bbtrue\u00a0\u00bb link=\u00a0\u00bburl:http%3A%2F%2Fwww.artnroll.net%2Fhome%2Ffaire-partie-gratin%2F|||\u00a0\u00bb][vc_single_image image=\u00a0\u00bb11450&Prime; img_size=\u00a0\u00bbfull\u00a0\u00bb alignment=\u00a0\u00bbcenter\u00a0\u00bb][\/vc_column][\/vc_row]<\/p>\n","protected":false},"excerpt":{"rendered":"<p>[vc_row][vc_column][vc_column_text][\/vc_column_text][\/vc_column][\/vc_row][vc_row][vc_column][vc_column_text][\/vc_column_text][\/vc_column][\/vc_row][vc_row][vc_column][vc_btn title=\u00a0\u00bbJe suis une cr\u00e8me, je veux faire partie de la crewte!\u00a0\u00bb color=\u00a0\u00bbinverse\u00a0\u00bb align=\u00a0\u00bbcenter\u00a0\u00bb i_icon_fontawesome=\u00a0\u00bbfa fa-glass\u00a0\u00bb add_icon=\u00a0\u00bbtrue\u00a0\u00bb link=\u00a0\u00bburl:http%3A%2F%2Fwww.artnroll.net%2Fhome%2Ffaire-partie-gratin%2F|||\u00a0\u00bb][vc_single_image image=\u00a0\u00bb11450&Prime; img_size=\u00a0\u00bbfull\u00a0\u00bb alignment=\u00a0\u00bbcenter\u00a0\u00bb][\/vc_column][\/vc_row]<\/p>\n","protected":false},"author":36,"featured_media":0,"parent":0,"menu_order":0,"comment_status":"closed","ping_status":"closed","template":"","meta":{"_mi_skip_tracking":false,"_monsterinsights_sitenote_active":false,"_monsterinsights_sitenote_note":"","_monsterinsights_sitenote_category":0,"footnotes":""},"class_list":["post-11313","page","type-page","status-publish","hentry"],"yoast_head":"<!-- This site is optimized with the Yoast SEO plugin v23.9 - https:\/\/yoast.com\/wordpress\/plugins\/seo\/ -->\n<title>La crewte - Art&#039;n&#039;Roll Webzine<\/title>\n<meta name=\"robots\" content=\"index, follow, max-snippet:-1, max-image-preview:large, max-video-preview:-1\" \/>\n<link rel=\"canonical\" href=\"https:\/\/www.artnroll.net\/home\/?page_id=11313\" \/>\n<meta property=\"og:locale\" content=\"fr_FR\" \/>\n<meta property=\"og:type\" content=\"article\" \/>\n<meta property=\"og:title\" content=\"La crewte - Art&#039;n&#039;Roll Webzine\" \/>\n<meta property=\"og:description\" content=\"[vc_row][vc_column][vc_column_text][\/vc_column_text][\/vc_column][\/vc_row][vc_row][vc_column][vc_column_text][\/vc_column_text][\/vc_column][\/vc_row][vc_row][vc_column][vc_btn title=\u00a0\u00bbJe suis une cr\u00e8me, je veux faire partie de la crewte!\u00a0\u00bb color=\u00a0\u00bbinverse\u00a0\u00bb align=\u00a0\u00bbcenter\u00a0\u00bb i_icon_fontawesome=\u00a0\u00bbfa fa-glass\u00a0\u00bb add_icon=\u00a0\u00bbtrue\u00a0\u00bb link=\u00a0\u00bburl:http%3A%2F%2Fwww.artnroll.net%2Fhome%2Ffaire-partie-gratin%2F|||\u00a0\u00bb][vc_single_image image=\u00a0\u00bb11450&Prime; img_size=\u00a0\u00bbfull\u00a0\u00bb alignment=\u00a0\u00bbcenter\u00a0\u00bb][\/vc_column][\/vc_row]\" \/>\n<meta property=\"og:url\" content=\"https:\/\/www.artnroll.net\/home\/?page_id=11313\" \/>\n<meta property=\"og:site_name\" content=\"Art&#039;n&#039;Roll Webzine\" \/>\n<meta property=\"article:publisher\" content=\"https:\/\/www.facebook.com\/artnroll.net\/\" \/>\n<meta property=\"article:modified_time\" content=\"2017-02-14T00:43:46+00:00\" \/>\n<meta name=\"twitter:label1\" content=\"Dur\u00e9e de lecture estim\u00e9e\" \/>\n\t<meta name=\"twitter:data1\" content=\"1 minute\" \/>\n<script type=\"application\/ld+json\" class=\"yoast-schema-graph\">{\"@context\":\"https:\/\/schema.org\",\"@graph\":[{\"@type\":\"WebPage\",\"@id\":\"https:\/\/www.artnroll.net\/home\/?page_id=11313\",\"url\":\"https:\/\/www.artnroll.net\/home\/?page_id=11313\",\"name\":\"La crewte - Art&#039;n&#039;Roll Webzine\",\"isPartOf\":{\"@id\":\"https:\/\/www.artnroll.net\/home\/#website\"},\"datePublished\":\"2017-02-07T11:02:06+00:00\",\"dateModified\":\"2017-02-14T00:43:46+00:00\",\"inLanguage\":\"fr-FR\",\"potentialAction\":[{\"@type\":\"ReadAction\",\"target\":[\"https:\/\/www.artnroll.net\/home\/?page_id=11313\"]}]},{\"@type\":\"WebSite\",\"@id\":\"https:\/\/www.artnroll.net\/home\/#website\",\"url\":\"https:\/\/www.artnroll.net\/home\/\",\"name\":\"Art&#039;n&#039;Roll Webzine\",\"description\":\"Webzine on the Rocks\",\"potentialAction\":[{\"@type\":\"SearchAction\",\"target\":{\"@type\":\"EntryPoint\",\"urlTemplate\":\"https:\/\/www.artnroll.net\/home\/?s={search_term_string}\"},\"query-input\":{\"@type\":\"PropertyValueSpecification\",\"valueRequired\":true,\"valueName\":\"search_term_string\"}}],\"inLanguage\":\"fr-FR\"}]}<\/script>\n<!-- \/ Yoast SEO plugin. -->","yoast_head_json":{"title":"La crewte - Art&#039;n&#039;Roll Webzine","robots":{"index":"index","follow":"follow","max-snippet":"max-snippet:-1","max-image-preview":"max-image-preview:large","max-video-preview":"max-video-preview:-1"},"canonical":"https:\/\/www.artnroll.net\/home\/?page_id=11313","og_locale":"fr_FR","og_type":"article","og_title":"La crewte - Art&#039;n&#039;Roll Webzine","og_description":"[vc_row][vc_column][vc_column_text][\/vc_column_text][\/vc_column][\/vc_row][vc_row][vc_column][vc_column_text][\/vc_column_text][\/vc_column][\/vc_row][vc_row][vc_column][vc_btn title=\u00a0\u00bbJe suis une cr\u00e8me, je veux faire partie de la crewte!\u00a0\u00bb color=\u00a0\u00bbinverse\u00a0\u00bb align=\u00a0\u00bbcenter\u00a0\u00bb i_icon_fontawesome=\u00a0\u00bbfa fa-glass\u00a0\u00bb add_icon=\u00a0\u00bbtrue\u00a0\u00bb link=\u00a0\u00bburl:http%3A%2F%2Fwww.artnroll.net%2Fhome%2Ffaire-partie-gratin%2F|||\u00a0\u00bb][vc_single_image image=\u00a0\u00bb11450&Prime; img_size=\u00a0\u00bbfull\u00a0\u00bb alignment=\u00a0\u00bbcenter\u00a0\u00bb][\/vc_column][\/vc_row]","og_url":"https:\/\/www.artnroll.net\/home\/?page_id=11313","og_site_name":"Art&#039;n&#039;Roll Webzine","article_publisher":"https:\/\/www.facebook.com\/artnroll.net\/","article_modified_time":"2017-02-14T00:43:46+00:00","twitter_misc":{"Dur\u00e9e de lecture estim\u00e9e":"1 minute"},"schema":{"@context":"https:\/\/schema.org","@graph":[{"@type":"WebPage","@id":"https:\/\/www.artnroll.net\/home\/?page_id=11313","url":"https:\/\/www.artnroll.net\/home\/?page_id=11313","name":"La crewte - Art&#039;n&#039;Roll Webzine","isPartOf":{"@id":"https:\/\/www.artnroll.net\/home\/#website"},"datePublished":"2017-02-07T11:02:06+00:00","dateModified":"2017-02-14T00:43:46+00:00","inLanguage":"fr-FR","potentialAction":[{"@type":"ReadAction","target":["https:\/\/www.artnroll.net\/home\/?page_id=11313"]}]},{"@type":"WebSite","@id":"https:\/\/www.artnroll.net\/home\/#website","url":"https:\/\/www.artnroll.net\/home\/","name":"Art&#039;n&#039;Roll Webzine","description":"Webzine on the Rocks","potentialAction":[{"@type":"SearchAction","target":{"@type":"EntryPoint","urlTemplate":"https:\/\/www.artnroll.net\/home\/?s={search_term_string}"},"query-input":{"@type":"PropertyValueSpecification","valueRequired":true,"valueName":"search_term_string"}}],"inLanguage":"fr-FR"}]}},"_links":{"self":[{"href":"https:\/\/www.artnroll.net\/home\/index.php?rest_route=\/wp\/v2\/pages\/11313","targetHints":{"allow":["GET"]}}],"collection":[{"href":"https:\/\/www.artnroll.net\/home\/index.php?rest_route=\/wp\/v2\/pages"}],"about":[{"href":"https:\/\/www.artnroll.net\/home\/index.php?rest_route=\/wp\/v2\/types\/page"}],"author":[{"embeddable":true,"href":"https:\/\/www.artnroll.net\/home\/index.php?rest_route=\/wp\/v2\/users\/36"}],"replies":[{"embeddable":true,"href":"https:\/\/www.artnroll.net\/home\/index.php?rest_route=%2Fwp%2Fv2%2Fcomments&post=11313"}],"version-history":[{"count":14,"href":"https:\/\/www.artnroll.net\/home\/index.php?rest_route=\/wp\/v2\/pages\/11313\/revisions"}],"predecessor-version":[{"id":11464,"href":"https:\/\/www.artnroll.net\/home\/index.php?rest_route=\/wp\/v2\/pages\/11313\/revisions\/11464"}],"wp:attachment":[{"href":"https:\/\/www.artnroll.net\/home\/index.php?rest_route=%2Fwp%2Fv2%2Fmedia&parent=11313"}],"curies":[{"name":"wp","href":"https:\/\/api.w.org\/{rel}","templated":true}]}}